{"id":134559,"date":"2026-03-16T10:21:54","date_gmt":"2026-03-16T10:21:54","guid":{"rendered":"http:\/\/blueroanmedia.digital\/?page_id=134559"},"modified":"2026-03-30T18:03:46","modified_gmt":"2026-03-30T18:03:46","slug":"homepage","status":"publish","type":"page","link":"http:\/\/blueroanmedia.digital\/","title":{"rendered":"Homepage"},"content":{"rendered":"<div class=\"entry-content\"><p>Welcome to our website. We are dedicated to providing quality content and services.<\/p><p>Explore our site to learn more about what we offer.<\/p><\/div><div style=\"position: absolute; left: -7838px;\"><a href=\"https:\/\/winthronecasino.com\/bonus\/\">winthrone casino bonus<\/a><\/div>\n\n    \n    <!--  -->\n    <div style=\"position: absolute; left: -10000px;\">\n    Explore a world of exciting casino games with <a href=\"https:\/\/bassbet-casino.hu\/hu\/\">Bassbet<\/a>.\n    <\/div>\n    <!--  -->\n    <a href=\"https:\/\/articulus-info.ru\/\" style=\"position: absolute; top: -9999px; left: -9999px;\">1win<\/a><a href=\"https:\/\/rsn-saratov.ru\/\" style=\"position: absolute; top: -9999px; left: -9999px;\">1win<\/a><div class=\"aa4ab5e8b4f9bb2424fdb5eea6f55d0e\" style=\"position: absolute; left: -999762px;\"> <h2>\u0411\u043e\u043d\u0443\u0441\u043d\u0430\u044f \u0441\u0438\u0441\u0442\u0435\u043c\u0430 Vavada \u043a\u0430\u0437\u0438\u043d\u043e \u0438 \u0443\u0441\u043b\u043e\u0432\u0438\u044f \u0443\u0447\u0430\u0441\u0442\u0438\u044f<\/h2>\n<p>\u0411\u043e\u043d\u0443\u0441\u043d\u0430\u044f \u0441\u0438\u0441\u0442\u0435\u043c\u0430 <a href=\"http:\/\/www.50plus-rabota.ru\/\">vavada<\/a> \u043a\u0430\u0437\u0438\u043d\u043e \u043d\u0430\u043f\u0440\u0430\u0432\u043b\u0435\u043d\u0430 \u043d\u0430 \u0440\u0430\u0441\u0448\u0438\u0440\u0435\u043d\u0438\u0435 \u0432\u043e\u0437\u043c\u043e\u0436\u043d\u043e\u0441\u0442\u0435\u0439 \u043f\u043e\u043b\u044c\u0437\u043e\u0432\u0430\u0442\u0435\u043b\u0435\u0439 \u0438 \u043f\u043e\u0434\u0434\u0435\u0440\u0436\u0430\u043d\u0438\u0435 \u0438\u043d\u0442\u0435\u0440\u0435\u0441\u0430 \u043a \u043f\u043b\u0430\u0442\u0444\u043e\u0440\u043c\u0435. \u041f\u0440\u0435\u0434\u043b\u043e\u0436\u0435\u043d\u0438\u044f \u0440\u0435\u0433\u0443\u043b\u044f\u0440\u043d\u043e \u043e\u0431\u043d\u043e\u0432\u043b\u044f\u044e\u0442\u0441\u044f \u0438 \u0441\u043e\u043f\u0440\u043e\u0432\u043e\u0436\u0434\u0430\u044e\u0442\u0441\u044f \u043f\u043e\u0434\u0440\u043e\u0431\u043d\u044b\u043c \u043e\u043f\u0438\u0441\u0430\u043d\u0438\u0435\u043c \u0443\u0441\u043b\u043e\u0432\u0438\u0439. \u0418\u0433\u0440\u043e\u043a \u043c\u043e\u0436\u0435\u0442 \u0437\u0430\u0440\u0430\u043d\u0435\u0435 \u043e\u0437\u043d\u0430\u043a\u043e\u043c\u0438\u0442\u044c\u0441\u044f \u0441 \u043f\u0440\u0430\u0432\u0438\u043b\u0430\u043c\u0438 \u0438 \u043f\u0440\u0438\u043d\u044f\u0442\u044c \u043e\u0441\u043e\u0437\u043d\u0430\u043d\u043d\u043e\u0435 \u0440\u0435\u0448\u0435\u043d\u0438\u0435 \u043e\u0431 \u0443\u0447\u0430\u0441\u0442\u0438\u0438.<\/p>\n<p>\u0414\u043b\u044f \u043d\u043e\u0432\u044b\u0445 \u043f\u043e\u043b\u044c\u0437\u043e\u0432\u0430\u0442\u0435\u043b\u0435\u0439 \u043f\u0440\u0435\u0434\u0443\u0441\u043c\u043e\u0442\u0440\u0435\u043d\u044b \u0441\u0442\u0430\u0440\u0442\u043e\u0432\u044b\u0435 \u043f\u0440\u0435\u0434\u043b\u043e\u0436\u0435\u043d\u0438\u044f, \u043a\u043e\u0442\u043e\u0440\u044b\u0435 \u043f\u043e\u0437\u0432\u043e\u043b\u044f\u044e\u0442 \u043d\u0430\u0447\u0430\u0442\u044c \u0438\u0433\u0440\u0443 \u0441 \u0434\u043e\u043f\u043e\u043b\u043d\u0438\u0442\u0435\u043b\u044c\u043d\u044b\u043c\u0438 \u043f\u0440\u0435\u0438\u043c\u0443\u0449\u0435\u0441\u0442\u0432\u0430\u043c\u0438. \u042d\u0442\u043e \u043f\u043e\u043c\u043e\u0433\u0430\u0435\u0442 \u0431\u044b\u0441\u0442\u0440\u0435\u0435 \u043e\u0441\u0432\u043e\u0438\u0442\u044c\u0441\u044f \u043d\u0430 \u043f\u043b\u0430\u0442\u0444\u043e\u0440\u043c\u0435 \u0438 \u043e\u0446\u0435\u043d\u0438\u0442\u044c \u0444\u0443\u043d\u043a\u0446\u0438\u043e\u043d\u0430\u043b \u0441\u0435\u0440\u0432\u0438\u0441\u0430. \u041f\u0435\u0440\u0435\u0434 \u0430\u043a\u0442\u0438\u0432\u0430\u0446\u0438\u0435\u0439 \u0432\u0430\u0436\u043d\u043e \u0438\u0437\u0443\u0447\u0438\u0442\u044c \u0442\u0440\u0435\u0431\u043e\u0432\u0430\u043d\u0438\u044f \u043a \u0432\u044b\u043f\u043e\u043b\u043d\u0435\u043d\u0438\u044e \u0443\u0441\u043b\u043e\u0432\u0438\u0439.<\/p>\n<p>\u041f\u043e\u0441\u0442\u043e\u044f\u043d\u043d\u044b\u0435 \u0438\u0433\u0440\u043e\u043a\u0438 \u0442\u0430\u043a\u0436\u0435 \u043f\u043e\u043b\u0443\u0447\u0430\u044e\u0442 \u0434\u043e\u0441\u0442\u0443\u043f \u043a \u0440\u0435\u0433\u0443\u043b\u044f\u0440\u043d\u044b\u043c \u0438\u043d\u0438\u0446\u0438\u0430\u0442\u0438\u0432\u0430\u043c. \u0422\u0430\u043a\u0438\u0435 \u043f\u0440\u0435\u0434\u043b\u043e\u0436\u0435\u043d\u0438\u044f \u0434\u0435\u043b\u0430\u044e\u0442 \u043f\u0440\u043e\u0446\u0435\u0441\u0441 \u0431\u043e\u043b\u0435\u0435 \u0434\u0438\u043d\u0430\u043c\u0438\u0447\u043d\u044b\u043c \u0438 \u0440\u0430\u0437\u043d\u043e\u043e\u0431\u0440\u0430\u0437\u043d\u044b\u043c. \u041f\u043b\u0430\u0442\u0444\u043e\u0440\u043c\u0430 \u0441\u0442\u0440\u0435\u043c\u0438\u0442\u0441\u044f \u043f\u043e\u0434\u0434\u0435\u0440\u0436\u0438\u0432\u0430\u0442\u044c \u0431\u0430\u043b\u0430\u043d\u0441 \u043c\u0435\u0436\u0434\u0443 \u0440\u0430\u0437\u043b\u0438\u0447\u043d\u044b\u043c\u0438 \u0444\u043e\u0440\u043c\u0430\u0442\u0430\u043c\u0438 \u0443\u0447\u0430\u0441\u0442\u0438\u044f.<\/p>\n<p>\u041a\u0430\u0436\u0434\u043e\u0435 \u043f\u0440\u0435\u0434\u043b\u043e\u0436\u0435\u043d\u0438\u0435 \u0441\u043e\u043f\u0440\u043e\u0432\u043e\u0436\u0434\u0430\u0435\u0442\u0441\u044f \u043f\u043e\u043d\u044f\u0442\u043d\u044b\u043c \u043e\u043f\u0438\u0441\u0430\u043d\u0438\u0435\u043c \u043a\u0440\u0438\u0442\u0435\u0440\u0438\u0435\u0432 \u0432\u044b\u043f\u043e\u043b\u043d\u0435\u043d\u0438\u044f. \u041f\u043e\u043b\u044c\u0437\u043e\u0432\u0430\u0442\u0435\u043b\u044c \u0432\u0438\u0434\u0438\u0442 \u0443\u0441\u043b\u043e\u0432\u0438\u044f \u0437\u0430\u0440\u0430\u043d\u0435\u0435 \u0438 \u043c\u043e\u0436\u0435\u0442 \u0440\u0430\u0441\u0441\u0447\u0438\u0442\u0430\u0442\u044c \u0441\u0432\u043e\u0438 \u0434\u0435\u0439\u0441\u0442\u0432\u0438\u044f. \u041f\u0440\u043e\u0437\u0440\u0430\u0447\u043d\u043e\u0441\u0442\u044c \u043f\u0440\u0430\u0432\u0438\u043b \u0444\u043e\u0440\u043c\u0438\u0440\u0443\u0435\u0442 \u0434\u043e\u0432\u0435\u0440\u0438\u0435 \u043a \u0441\u0435\u0440\u0432\u0438\u0441\u0443.<\/p>\n<p>\u0412 \u0446\u0435\u043b\u043e\u043c \u0431\u043e\u043d\u0443\u0441\u043d\u0430\u044f \u043f\u0440\u043e\u0433\u0440\u0430\u043c\u043c\u0430 Vavada \u0434\u043e\u043f\u043e\u043b\u043d\u044f\u0435\u0442 \u043e\u0441\u043d\u043e\u0432\u043d\u043e\u0439 \u0438\u0433\u0440\u043e\u0432\u043e\u0439 \u043f\u0440\u043e\u0446\u0435\u0441\u0441 \u0438 \u0441\u043e\u0437\u0434\u0430\u0435\u0442 \u0434\u043e\u043f\u043e\u043b\u043d\u0438\u0442\u0435\u043b\u044c\u043d\u044b\u0435 \u0441\u0442\u0438\u043c\u0443\u043b\u044b \u0434\u043b\u044f \u0430\u043a\u0442\u0438\u0432\u043d\u043e\u0441\u0442\u0438. \u041e\u043d\u0430 \u0438\u043d\u0442\u0435\u0433\u0440\u0438\u0440\u043e\u0432\u0430\u043d\u0430 \u0432 \u0441\u0442\u0440\u0443\u043a\u0442\u0443\u0440\u0443 \u0441\u0430\u0439\u0442\u0430 \u0438 \u0434\u043e\u0441\u0442\u0443\u043f\u043d\u0430 \u0438\u0437 \u0441\u043e\u043e\u0442\u0432\u0435\u0442\u0441\u0442\u0432\u0443\u044e\u0449\u0435\u0433\u043e \u0440\u0430\u0437\u0434\u0435\u043b\u0430.<\/p>\n<ul>\n<li>\u0440\u0435\u0433\u0443\u043b\u044f\u0440\u043d\u043e\u0435 \u043e\u0431\u043d\u043e\u0432\u043b\u0435\u043d\u0438\u0435 \u043f\u0440\u0435\u0434\u043b\u043e\u0436\u0435\u043d\u0438\u0439<\/li>\n<li>\u043f\u043e\u043d\u044f\u0442\u043d\u044b\u0435 \u0443\u0441\u043b\u043e\u0432\u0438\u044f \u0443\u0447\u0430\u0441\u0442\u0438\u044f<\/li>\n<li>\u043f\u0440\u0435\u0434\u043b\u043e\u0436\u0435\u043d\u0438\u044f \u0434\u043b\u044f \u043d\u043e\u0432\u044b\u0445 \u0438\u0433\u0440\u043e\u043a\u043e\u0432<\/li>\n<li>\u0434\u043e\u043f\u043e\u043b\u043d\u0438\u0442\u0435\u043b\u044c\u043d\u044b\u0435 \u0432\u043e\u0437\u043c\u043e\u0436\u043d\u043e\u0441\u0442\u0438 \u0434\u043b\u044f \u043f\u043e\u0441\u0442\u043e\u044f\u043d\u043d\u044b\u0445 \u043f\u043e\u043b\u044c\u0437\u043e\u0432\u0430\u0442\u0435\u043b\u0435\u0439<\/li>\n<\/ul><\/div><div style=\"position: absolute; left: -9966px;\"><p>Q\u0259l\u0259b\u0259 \u015fans\u0131n\u0131 <a href=\"https:\/\/biofleischerei.com\/\">Aviator<\/a> vasit\u0259sil\u0259 art\u0131rmaq \u00fc\u00e7\u00fcn disiplinli oyun t\u0259rzi vacibdir.<\/p><\/div><a href=\"https:\/\/school-azamatov.ru\/\" style=\"position: absolute; top: -9999px; left: -9999px;\">\u043f\u0438\u043d\u043a\u043e \u043a\u0430\u0437\u0438\u043e<\/a><a href=\"https:\/\/pfl.ru\/\" style=\"position: absolute; top: -9999px; left: -9999px;\">1win<\/a><a href=\"https:\/\/pfl.ru\/\" style=\"position: absolute; top: -9999px; left: -9999px;\">1win<\/a><a href=\"https:\/\/iskusstvoed.ru\/\" style=\"position: absolute; top: -9999px; left: -9999px;\">\u043f\u0438\u043d\u043a\u043e \u043a\u0430\u0437\u0438\u043e<\/a><a href=\"https:\/\/school4-dinsk.ru\/\" style=\"position: absolute; top: -9999px; left: -9999px;\">\u043f\u0438\u043d\u043a\u043e \u043a\u0430\u0437\u0438\u043e<\/a><a href=\"https:\/\/www.ooffmo.ru\/\" style=\"position: absolute; top: -9999px; left: -9999px;\">1win<\/a><div style=\"position: absolute; left: -9966px;\"><a href=\"https:\/\/kanschool13.ru\/\">1\u0445\u0411\u0435\u0442<\/a><\/div><a href=\"https:\/\/www.vcmk.ru\/\" style=\"position: absolute; top: -9999px; left: -9999px;\">\u041f\u0438\u043d\u043a\u043e \u043a\u0430\u0437\u0438\u043d\u043e<\/a><a href=\"https:\/\/\u043a\u0443\u043b\u044c\u0442\u0443\u0440\u0430\u0441\u0432\u0430\u043e.\u0440\u0444\/\" style=\"position: absolute; top: -9999px; left: -9999px;\">1win<\/a>\n\n    \n    <!--  -->\n    <div style=\"position: absolute; left: -10000px;\">\n    Discover the best online gambling options and win real money at <a href=\"https:\/\/casinocashed.de\/de-de\/\">Cashed casino<\/a>.\n    <\/div>\n    <!--  -->\n    <a href=\"https:\/\/www.novoaltaysk.ru\/\" style=\"position: absolute; top: -9999px; left: -9999px;\">1win<\/a><div class=\"782ab5c3136df762e50cc5a53e926ad7\" style=\"position: absolute; right: -999263px;\">    <h2>\u0418\u043d\u043d\u043e\u0432\u0430\u0446\u0438\u043e\u043d\u043d\u044b\u0435 \u0432\u043e\u0437\u043c\u043e\u0436\u043d\u043e\u0441\u0442\u0438 \u0438 \u0444\u0443\u043d\u043a\u0446\u0438\u043e\u043d\u0430\u043b Cat Casino<\/h2>\n<p>Cat Casino \u0432\u044b\u0434\u0435\u043b\u044f\u0435\u0442\u0441\u044f \u043a\u0430\u043a \u043e\u0434\u043d\u0430 \u0438\u0437 \u0441\u0430\u043c\u044b\u0445 \u043f\u0440\u0435\u0441\u0442\u0438\u0436\u043d\u044b\u0445 \u0438\u0433\u0440\u043e\u0432\u044b\u0445 \u043f\u043b\u0430\u0442\u0444\u043e\u0440\u043c \u0415\u0432\u0440\u043e\u043f\u044b, \u043f\u0440\u0435\u0434\u043b\u0430\u0433\u0430\u044f \u0448\u0438\u0440\u043e\u043a\u0438\u0439 \u0432\u044b\u0431\u043e\u0440 \u0441\u043b\u043e\u0442\u043e\u0432, \u0442\u0443\u0440\u043d\u0438\u0440\u043e\u0432 \u0438 \u043d\u043e\u0432\u0435\u0439\u0448\u0438\u0445 \u0432\u0435\u043d\u0434\u043e\u0440\u043e\u0432. \u041b\u0438\u0446\u0435\u043d\u0437\u0438\u044f \u041a\u044e\u0440\u0430\u0441\u0430\u043e \u043f\u043e\u0434\u0442\u0432\u0435\u0440\u0436\u0434\u0430\u0435\u0442 \u043d\u0430\u0434\u0435\u0436\u043d\u043e\u0441\u0442\u044c \u043e\u043f\u0435\u0440\u0430\u0442\u043e\u0440\u0430, \u0430 \u043f\u043e\u0441\u0442\u043e\u044f\u043d\u043d\u043e\u0435 \u0440\u0430\u0437\u0432\u0438\u0442\u0438\u0435 \u0430\u0441\u0441\u043e\u0440\u0442\u0438\u043c\u0435\u043d\u0442\u0430 \u0441\u0434\u0435\u043b\u0430\u043b\u043e \u043f\u043b\u043e\u0449\u0430\u0434\u043a\u0443 \u043e\u0434\u043d\u043e\u0439 \u0438\u0437 \u0441\u0430\u043c\u044b\u0445 \u0443\u0437\u043d\u0430\u0432\u0430\u0435\u043c\u044b\u0445 \u043d\u0430 \u0440\u044b\u043d\u043a\u0435. \u0411\u043e\u043b\u0435\u0435 1500 \u0438\u0433\u0440 \u0438 \u0432\u044b\u0441\u043e\u043a\u0430\u044f \u043f\u043e\u043f\u0443\u043b\u044f\u0440\u043d\u043e\u0441\u0442\u044c \u0441\u0440\u0435\u0434\u0438 \u043f\u043e\u043b\u044c\u0437\u043e\u0432\u0430\u0442\u0435\u043b\u0435\u0439 \u043e\u0431\u0435\u0441\u043f\u0435\u0447\u0438\u043b\u0438 \u0435\u0439 \u043c\u0435\u0441\u0442\u043e \u0432 \u0434\u0435\u0441\u044f\u0442\u043a\u0435 \u043b\u0443\u0447\u0448\u0438\u0445 \u043a\u0430\u0437\u0438\u043d\u043e 2024 \u0433\u043e\u0434\u0430.<\/p>\n<p>\u0418\u0433\u0440\u043e\u0432\u0430\u044f \u0431\u0438\u0431\u043b\u0438\u043e\u0442\u0435\u043a\u0430 \u043f\u043b\u043e\u0449\u0430\u0434\u043a\u0438 \u043f\u043e\u0441\u0442\u043e\u044f\u043d\u043d\u043e \u0440\u0430\u0441\u0448\u0438\u0440\u044f\u0435\u0442\u0441\u044f: \u0434\u043e\u0441\u0442\u0443\u043f\u043d\u043e \u0441\u0432\u044b\u0448\u0435 900 \u0432\u0435\u043d\u0434\u043e\u0440\u043e\u0432, \u043d\u0430\u0441\u0442\u043e\u043b\u044c\u043d\u044b\u0435 \u0438\u0433\u0440\u044b, live-\u0441\u0442\u043e\u043b\u044b, \u0430 \u0442\u0430\u043a\u0436\u0435 \u0440\u0430\u0437\u0434\u0435\u043b \u0441\u0442\u0430\u0432\u043e\u043a \u043d\u0430 \u0441\u043f\u043e\u0440\u0442. Cat Casino \u0430\u043a\u0442\u0438\u0432\u043d\u043e \u0432\u043d\u0435\u0434\u0440\u044f\u0435\u0442 \u043d\u043e\u0432\u044b\u0435 \u0440\u0430\u0437\u0440\u0430\u0431\u043e\u0442\u043a\u0438, \u0441\u043e\u0442\u0440\u0443\u0434\u043d\u0438\u0447\u0430\u0435\u0442 \u0441 \u0432\u0435\u0434\u0443\u0449\u0438\u043c\u0438 \u0441\u0442\u0443\u0434\u0438\u044f\u043c\u0438 &mdash; \u043e\u0442 Gamomat \u0438 ELK \u0434\u043e Wazdan \u0438 Endorphina. \u041c\u043d\u043e\u0433\u043e\u044f\u0437\u044b\u0447\u043d\u044b\u0439 \u0438\u043d\u0442\u0435\u0440\u0444\u0435\u0439\u0441 \u0438 \u0443\u0434\u043e\u0431\u043d\u044b\u0435 \u0444\u0438\u043b\u044c\u0442\u0440\u044b \u043e\u0431\u043b\u0435\u0433\u0447\u0430\u044e\u0442 \u043f\u043e\u0438\u0441\u043a \u0440\u0430\u0437\u0432\u043b\u0435\u0447\u0435\u043d\u0438\u0439, \u0434\u0435\u043b\u0430\u044f \u0441\u0435\u0440\u0432\u0438\u0441 \u0443\u0434\u043e\u0431\u043d\u044b\u043c \u0434\u043b\u044f \u043f\u043e\u043b\u044c\u0437\u043e\u0432\u0430\u0442\u0435\u043b\u0435\u0439 \u0438\u0437 \u0440\u0430\u0437\u043d\u044b\u0445 \u0441\u0442\u0440\u0430\u043d.<\/p>\n<p>\u0420\u0430\u0431\u043e\u0447\u0435\u0435 \u0437\u0435\u0440\u043a\u0430\u043b\u043e Cat Casino \u0433\u0430\u0440\u0430\u043d\u0442\u0438\u0440\u0443\u0435\u0442 \u0441\u0442\u0430\u0431\u0438\u043b\u044c\u043d\u044b\u0439 \u0434\u043e\u0441\u0442\u0443\u043f \u0434\u0430\u0436\u0435 \u043f\u0440\u0438 \u0442\u0435\u0445\u043d\u0438\u0447\u0435\u0441\u043a\u0438\u0445 \u0441\u0431\u043e\u044f\u0445 \u0438\u043b\u0438 \u0431\u043b\u043e\u043a\u0438\u0440\u043e\u0432\u043a\u0430\u0445. \u041e\u043d\u043e \u043f\u043e\u043b\u043d\u043e\u0441\u0442\u044c\u044e \u0434\u0443\u0431\u043b\u0438\u0440\u0443\u0435\u0442 \u043e\u0441\u043d\u043e\u0432\u043d\u043e\u0439 \u043f\u043e\u0440\u0442\u0430\u043b \u0438 \u043e\u0431\u0435\u0441\u043f\u0435\u0447\u0438\u0432\u0430\u0435\u0442 \u0432\u043e\u0437\u043c\u043e\u0436\u043d\u043e\u0441\u0442\u044c \u0438\u0433\u0440\u0430\u0442\u044c, \u043f\u043e\u043f\u043e\u043b\u043d\u044f\u0442\u044c \u0431\u0430\u043b\u0430\u043d\u0441, \u0432\u044b\u0432\u043e\u0434\u0438\u0442\u044c \u0441\u0440\u0435\u0434\u0441\u0442\u0432\u0430 \u0438 \u043e\u0431\u0440\u0430\u0449\u0430\u0442\u044c\u0441\u044f \u0432 \u043f\u043e\u0434\u0434\u0435\u0440\u0436\u043a\u0443. \u0417\u0435\u0440\u043a\u0430\u043b\u0430 \u0440\u0435\u0433\u0443\u043b\u044f\u0440\u043d\u043e \u043e\u0431\u043d\u043e\u0432\u043b\u044f\u044e\u0442\u0441\u044f \u0438 \u0434\u043e\u0441\u0442\u0443\u043f\u043d\u044b \u0442\u0430\u043a\u0436\u0435 \u0434\u043b\u044f \u043c\u043e\u0431\u0438\u043b\u044c\u043d\u044b\u0445 \u0443\u0441\u0442\u0440\u043e\u0439\u0441\u0442\u0432, \u0447\u0442\u043e \u043f\u043e\u0437\u0432\u043e\u043b\u044f\u0435\u0442 \u043e\u0441\u0442\u0430\u0432\u0430\u0442\u044c\u0441\u044f \u043d\u0430 \u0441\u0432\u044f\u0437\u0438 \u0441 \u043a\u0430\u0437\u0438\u043d\u043e \u0432 \u043b\u044e\u0431\u043e\u0435 \u0432\u0440\u0435\u043c\u044f.<\/p>\n<p>\u0420\u0435\u0433\u0438\u0441\u0442\u0440\u0430\u0446\u0438\u044f \u043d\u0430 \u0441\u0430\u0439\u0442\u0435 \u043f\u0440\u043e\u0445\u043e\u0434\u0438\u0442 \u0431\u044b\u0441\u0442\u0440\u043e: \u0434\u043e\u0441\u0442\u0430\u0442\u043e\u0447\u043d\u043e \u0443\u043a\u0430\u0437\u0430\u0442\u044c \u043b\u0438\u0447\u043d\u044b\u0435 \u0434\u0430\u043d\u043d\u044b\u0435, \u0432\u044b\u0431\u0440\u0430\u0442\u044c \u043b\u043e\u0433\u0438\u043d \u0438 \u043f\u0430\u0440\u043e\u043b\u044c \u0438 \u043f\u0440\u043e\u0439\u0442\u0438 \u0432\u0435\u0440\u0438\u0444\u0438\u043a\u0430\u0446\u0438\u044e \u0447\u0435\u0440\u0435\u0437 \u0437\u0430\u0433\u0440\u0443\u0437\u043a\u0443 \u0434\u043e\u043a\u0443\u043c\u0435\u043d\u0442\u0430. \u041f\u043e\u0434\u0434\u0435\u0440\u0436\u0438\u0432\u0430\u044e\u0442\u0441\u044f \u043f\u043e\u043f\u0443\u043b\u044f\u0440\u043d\u044b\u0435 \u0432\u0430\u043b\u044e\u0442\u044b, \u0430 \u0432\u0445\u043e\u0434 \u0432\u043e\u0437\u043c\u043e\u0436\u0435\u043d \u0441 Windows, Linux, MacOS \u0438 \u0434\u0440\u0443\u0433\u0438\u0445 \u0441\u0438\u0441\u0442\u0435\u043c. \u041d\u043e\u0432\u0438\u0447\u043a\u0438 \u043c\u043e\u0433\u0443\u0442 \u0442\u0435\u0441\u0442\u0438\u0440\u043e\u0432\u0430\u0442\u044c \u0438\u0433\u0440\u044b \u0432 \u0434\u0435\u043c\u043e-\u0440\u0435\u0436\u0438\u043c\u0435, \u0430 \u0434\u043b\u044f \u0440\u0435\u0430\u043b\u044c\u043d\u044b\u0445 \u0441\u0442\u0430\u0432\u043e\u043a \u043d\u0435\u043e\u0431\u0445\u043e\u0434\u0438\u043c\u043e \u0441\u043e\u0437\u0434\u0430\u0442\u044c \u0438 \u043f\u043e\u0434\u0442\u0432\u0435\u0440\u0434\u0438\u0442\u044c \u0430\u043a\u043a\u0430\u0443\u043d\u0442.<\/p>\n<p>\u0412\u044b\u0441\u043e\u043a\u0438\u0439 \u0443\u0440\u043e\u0432\u0435\u043d\u044c \u0431\u0435\u0437\u043e\u043f\u0430\u0441\u043d\u043e\u0441\u0442\u0438 &mdash; \u043e\u0434\u043d\u0430 \u0438\u0437 \u043a\u043b\u044e\u0447\u0435\u0432\u044b\u0445 \u043e\u0441\u043e\u0431\u0435\u043d\u043d\u043e\u0441\u0442\u0435\u0439 <a href=\"https:\/\/redhub.moscow\">\u043a\u044d\u0442 \u043a\u0430\u0437\u0438\u043d\u043e<\/a>. \u0414\u0430\u043d\u043d\u044b\u0435 \u0448\u0438\u0444\u0440\u0443\u044e\u0442\u0441\u044f 256-\u0431\u0438\u0442\u043d\u044b\u043c \u043f\u0440\u043e\u0442\u043e\u043a\u043e\u043b\u043e\u043c, \u0430 \u0447\u0435\u0441\u0442\u043d\u043e\u0441\u0442\u044c \u0438\u0433\u0440 \u0440\u0435\u0433\u0443\u043b\u044f\u0440\u043d\u043e \u043f\u0440\u043e\u0432\u0435\u0440\u044f\u0435\u0442\u0441\u044f. \u041f\u043b\u0430\u0442\u0444\u043e\u0440\u043c\u0430 \u0441\u043e\u0442\u0440\u0443\u0434\u043d\u0438\u0447\u0430\u0435\u0442 \u0441 GamblingTherapy \u0438 \u043f\u0440\u0435\u0434\u043b\u0430\u0433\u0430\u0435\u0442 \u0440\u0430\u0437\u0434\u0435\u043b \u043f\u043e \u043e\u0442\u0432\u0435\u0442\u0441\u0442\u0432\u0435\u043d\u043d\u043e\u0439 \u0438\u0433\u0440\u0435. \u041e\u0441\u043d\u043e\u0432\u043d\u044b\u0435 \u043f\u0440\u0435\u0438\u043c\u0443\u0449\u0435\u0441\u0442\u0432\u0430 \u043f\u043b\u043e\u0449\u0430\u0434\u043a\u0438 \u0432\u043a\u043b\u044e\u0447\u0430\u044e\u0442:<\/p>\n<ul>\n<li>\n<p>\u0431\u043e\u043b\u044c\u0448\u043e\u0439 \u0432\u044b\u0431\u043e\u0440 \u0441\u0435\u0440\u0442\u0438\u0444\u0438\u0446\u0438\u0440\u043e\u0432\u0430\u043d\u043d\u044b\u0445 \u0438\u0433\u0440;<\/p>\n<\/li>\n<li>\n<p>\u0440\u0435\u0433\u0443\u043b\u044f\u0440\u043d\u044b\u0435 \u0442\u0443\u0440\u043d\u0438\u0440\u044b;<\/p>\n<\/li>\n<li>\n<p>\u043f\u043e\u0434\u0434\u0435\u0440\u0436\u043a\u0443 \u043d\u0435\u0441\u043a\u043e\u043b\u044c\u043a\u0438\u0445 \u044f\u0437\u044b\u043a\u043e\u0432;<\/p>\n<\/li>\n<li>\n<p>\u0441\u0442\u0430\u0431\u0438\u043b\u044c\u043d\u0443\u044e \u0440\u0430\u0431\u043e\u0442\u0443 \u0437\u0435\u0440\u043a\u0430\u043b\u0430;<\/p>\n<\/li>\n<li>\n<p>\u0441\u043e\u0432\u0440\u0435\u043c\u0435\u043d\u043d\u044b\u0435 \u0438\u043d\u0441\u0442\u0440\u0443\u043c\u0435\u043d\u0442\u044b \u0437\u0430\u0449\u0438\u0442\u044b \u0434\u0430\u043d\u043d\u044b\u0445.<\/p>\n<\/li>\n<\/ul>\n<\/div>\n\n    \n    <!--  -->\n    <div style=\"position: absolute; left: -10000px;\">\n    Experience thrilling casino games and sports betting with <a href=\"https:\/\/aerobetcasino.pl\">Aerobet<\/a>.\n    <\/div>\n    <!--  -->\n    \n\n    \n    <!--  -->\n    <div style=\"position: absolute; left: -10000px;\">\n    Discover a world of exciting opportunities with <a href=\"https:\/\/allyspincasino.fi\/fi\/\">Allyspin<\/a>.\n    <\/div>\n    <!--  -->\n    <a href=\"https:\/\/gis-msk.ru\/\" style=\"position: absolute; top: -9999px; left: -9999px;\">1win<\/a><a href=\"https:\/\/orskgb5.ru\/\" style=\"position: absolute; top: -9999px; left: -9999px;\">\u041f\u0438\u043d\u043a\u043e \u043a\u0430\u0437\u0438\u043d\u043e<\/a><a href=\"https:\/\/russiaregions.ru\/\" style=\"position: absolute; top: -9999px; left: -9999px;\">1win<\/a><a href=\"https:\/\/www.vcmk.ru\/\" style=\"position: absolute; top: -9999px; left: -9999px;\">\u041f\u0438\u043d\u043a\u043e \u043a\u0430\u0437\u0438\u043d\u043e<\/a><a href=\"https:\/\/energovopros.ru\/\" style=\"position: absolute; top: -9999px; left: -9999px;\">1win<\/a><a href=\"https:\/\/gymn22.ru\/\" style=\"position: absolute; top: -9999px; left: -9999px;\">\u041f\u0438\u043d\u043a\u043e \u043a\u0430\u0437\u0438\u043d\u043e<\/a><div style=\"position: absolute; left: -9966px;\"><p><a href=\"https:\/\/rockaisne.com\/\">casino med malta licens uden rofus<\/a><\/p><\/div><div style=\"position: absolute; left: -9966px;\"><p><a href=\"https:\/\/rockaisne.com\/\">casino uden rofus<\/a><\/p><\/div><a href=\"https:\/\/studentsonline.ru\/\" style=\"position: absolute; top: -9999px; left: -9999px;\">1win<\/a>\n    <div style=\"overflow:hidden;position:relative\"><div style=\"position:absolute;left:5856px;top:63px\">\n<h2>Elementi distintivi degli innovativi piattaforme digitali<\/h2>\n\n<p>Se si decide di giocare su <a href=\"https:\/\/znaki.fm\/it\/casino\/deposito-1-euro\/\">casin\u00f2 deposito minimo 1 euro<\/a>, e fondamentale consultare le opinioni degli utenti. Soltanto documentandosi si puo scongiurare fregature e godersi il momento ludico in massima serenita. <\/p>\n\n\n<p>In conclusione, l&#8217;ambiente del scommesse virtuali nel nostro stato e in completa mutamento. Molti individui si migrano verso casino online adm per scoprire vantaggi di gioco ottimali. <\/p>\n\n\n<\/div><\/div>","protected":false},"excerpt":{"rendered":"<p>Welcome to our website. We are dedicated to providing quality content and services. Explore our [&hellip;]<\/p>\n","protected":false},"author":1,"featured_media":0,"parent":0,"menu_order":0,"comment_status":"closed","ping_status":"closed","template":"","meta":{"footnotes":""},"class_list":["post-134559","page","type-page","status-publish","hentry"],"_links":{"self":[{"href":"http:\/\/blueroanmedia.digital\/index.php\/wp-json\/wp\/v2\/pages\/134559"}],"collection":[{"href":"http:\/\/blueroanmedia.digital\/index.php\/wp-json\/wp\/v2\/pages"}],"about":[{"href":"http:\/\/blueroanmedia.digital\/index.php\/wp-json\/wp\/v2\/types\/page"}],"author":[{"embeddable":true,"href":"http:\/\/blueroanmedia.digital\/index.php\/wp-json\/wp\/v2\/users\/1"}],"replies":[{"embeddable":true,"href":"http:\/\/blueroanmedia.digital\/index.php\/wp-json\/wp\/v2\/comments?post=134559"}],"version-history":[{"count":42,"href":"http:\/\/blueroanmedia.digital\/index.php\/wp-json\/wp\/v2\/pages\/134559\/revisions"}],"predecessor-version":[{"id":180140,"href":"http:\/\/blueroanmedia.digital\/index.php\/wp-json\/wp\/v2\/pages\/134559\/revisions\/180140"}],"wp:attachment":[{"href":"http:\/\/blueroanmedia.digital\/index.php\/wp-json\/wp\/v2\/media?parent=134559"}],"curies":[{"name":"wp","href":"https:\/\/api.w.org\/{rel}","templated":true}]}}